{"id":1045,"date":"2021-02-08T20:54:40","date_gmt":"2021-02-08T19:54:40","guid":{"rendered":"https:\/\/www.friska-riba.hr\/o-nama\/"},"modified":"2023-12-27T14:22:03","modified_gmt":"2023-12-27T13:22:03","slug":"about-us","status":"publish","type":"page","link":"https:\/\/www.friska-riba.hr\/en\/about-us\/","title":{"rendered":"About us"},"content":{"rendered":"\t\t<div data-elementor-type=\"wp-page\" data-elementor-id=\"1045\" class=\"elementor elementor-1045\">\n\t\t\t\t\t\t\t\t\t<section class=\"elementor-section elementor-top-section elementor-element elementor-element-89654d6 elementor-section-boxed elementor-section-height-default elementor-section-height-default\" data-id=\"89654d6\" data-element_type=\"section\">\n\t\t\t\t\t\t<div class=\"elementor-container elementor-column-gap-default\">\n\t\t\t\t\t<div class=\"elementor-column elementor-col-100 elementor-top-column elementor-element elementor-element-709c73e\" data-id=\"709c73e\" data-element_type=\"column\">\n\t\t\t<div class=\"elementor-widget-wrap elementor-element-populated\">\n\t\t\t\t\t\t\t\t<div class=\"elementor-element elementor-element-46eb3d7 elementor-widget elementor-widget-text-editor\" data-id=\"46eb3d7\" data-element_type=\"widget\" data-widget_type=\"text-editor.default\">\n\t\t\t\t<div class=\"elementor-widget-container\">\n\t\t\t\t\t\t\t<p>Fishery Cooperative FRI\u0160KA RIBA was founded in February 2007 on the initiative of professional fishermen from Split and its surrounding areas (Vini\u0161\u0107e, Trogir, Ka\u0161tela, Vranjic, Mali rat, Dugi Rat, Sumpetar and Omi\u0161), followed by the fishermen from the island of Hvar, Bra\u010d, Dubrovnik, Gradac joining the Cooperative, too&#8230; Today, the cooperative gathers 20 professional fishermen who use their boats and fishing tools to provide the entire range of products &#8211; from small pelagic fish, shellfish to all types of demersal\/white fish.<\/p>\t\t\t\t\t\t<\/div>\n\t\t\t\t<\/div>\n\t\t\t\t\t<\/div>\n\t\t<\/div>\n\t\t\t\t\t\t\t<\/div>\n\t\t<\/section>\n\t\t\t\t<section class=\"elementor-section elementor-top-section elementor-element elementor-element-b1af82b elementor-section-boxed elementor-section-height-default elementor-section-height-default\" data-id=\"b1af82b\" data-element_type=\"section\">\n\t\t\t\t\t\t<div class=\"elementor-container elementor-column-gap-default\">\n\t\t\t\t\t<div class=\"elementor-column elementor-col-50 elementor-top-column elementor-element elementor-element-17bdeca\" data-id=\"17bdeca\" data-element_type=\"column\">\n\t\t\t<div class=\"elementor-widget-wrap elementor-element-populated\">\n\t\t\t\t\t\t\t\t<div class=\"elementor-element elementor-element-f95d097 elementor-widget elementor-widget-heading\" data-id=\"f95d097\" data-element_type=\"widget\" data-settings=\"{&quot;_animation&quot;:&quot;none&quot;}\" data-widget_type=\"heading.default\">\n\t\t\t\t<div class=\"elementor-widget-container\">\n\t\t\t<h2 class=\"elementor-heading-title elementor-size-default\">Within the framework of its activity, the Cooperative performs the following:<br><\/h2>\t\t<\/div>\n\t\t\t\t<\/div>\n\t\t\t\t<div class=\"elementor-element elementor-element-10f5a3b elementor-icon-list--layout-traditional elementor-list-item-link-full_width elementor-widget elementor-widget-icon-list\" data-id=\"10f5a3b\" data-element_type=\"widget\" data-widget_type=\"icon-list.default\">\n\t\t\t\t<div class=\"elementor-widget-container\">\n\t\t\t\t\t<ul class=\"elementor-icon-list-items\">\n\t\t\t\t\t\t\t<li class=\"elementor-icon-list-item\">\n\t\t\t\t\t\t\t\t\t\t\t<span class=\"elementor-icon-list-icon\">\n\t\t\t\t\t\t\t<i aria-hidden=\"true\" class=\"fas fa-circle\"><\/i>\t\t\t\t\t\t<\/span>\n\t\t\t\t\t\t\t\t\t\t<span class=\"elementor-icon-list-text\">purchase and sale of fish,<\/span>\n\t\t\t\t\t\t\t\t\t<\/li>\n\t\t\t\t\t\t\t\t<li class=\"elementor-icon-list-item\">\n\t\t\t\t\t\t\t\t\t\t\t<span class=\"elementor-icon-list-icon\">\n\t\t\t\t\t\t\t<i aria-hidden=\"true\" class=\"fas fa-circle\"><\/i>\t\t\t\t\t\t<\/span>\n\t\t\t\t\t\t\t\t\t\t<span class=\"elementor-icon-list-text\">commercial mediation on the domestic and foreign markets,<\/span>\n\t\t\t\t\t\t\t\t\t<\/li>\n\t\t\t\t\t\t\t\t<li class=\"elementor-icon-list-item\">\n\t\t\t\t\t\t\t\t\t\t\t<span class=\"elementor-icon-list-icon\">\n\t\t\t\t\t\t\t<i aria-hidden=\"true\" class=\"fas fa-circle\"><\/i>\t\t\t\t\t\t<\/span>\n\t\t\t\t\t\t\t\t\t\t<span class=\"elementor-icon-list-text\">procurement of equipment and tools,<\/span>\n\t\t\t\t\t\t\t\t\t<\/li>\n\t\t\t\t\t\t\t\t<li class=\"elementor-icon-list-item\">\n\t\t\t\t\t\t\t\t\t\t\t<span class=\"elementor-icon-list-icon\">\n\t\t\t\t\t\t\t<i aria-hidden=\"true\" class=\"fas fa-circle\"><\/i>\t\t\t\t\t\t<\/span>\n\t\t\t\t\t\t\t\t\t\t<span class=\"elementor-icon-list-text\">accounting and bookkeeping,<\/span>\n\t\t\t\t\t\t\t\t\t<\/li>\n\t\t\t\t\t\t\t\t<li class=\"elementor-icon-list-item\">\n\t\t\t\t\t\t\t\t\t\t\t<span class=\"elementor-icon-list-icon\">\n\t\t\t\t\t\t\t<i aria-hidden=\"true\" class=\"fas fa-circle\"><\/i>\t\t\t\t\t\t<\/span>\n\t\t\t\t\t\t\t\t\t\t<span class=\"elementor-icon-list-text\">provision of information on legal and other changes related to the fishing sector,<\/span>\n\t\t\t\t\t\t\t\t\t<\/li>\n\t\t\t\t\t\t\t\t<li class=\"elementor-icon-list-item\">\n\t\t\t\t\t\t\t\t\t\t\t<span class=\"elementor-icon-list-icon\">\n\t\t\t\t\t\t\t<i aria-hidden=\"true\" class=\"fas fa-circle\"><\/i>\t\t\t\t\t\t<\/span>\n\t\t\t\t\t\t\t\t\t\t<span class=\"elementor-icon-list-text\">provision of consulting services and professional assistance during tender application<\/span>\n\t\t\t\t\t\t\t\t\t<\/li>\n\t\t\t\t\t\t\t\t<li class=\"elementor-icon-list-item\">\n\t\t\t\t\t\t\t\t\t\t\t<span class=\"elementor-icon-list-icon\">\n\t\t\t\t\t\t\t<i aria-hidden=\"true\" class=\"fas fa-circle\"><\/i>\t\t\t\t\t\t<\/span>\n\t\t\t\t\t\t\t\t\t\t<span class=\"elementor-icon-list-text\">protection and promotion of its members' interests<\/span>\n\t\t\t\t\t\t\t\t\t<\/li>\n\t\t\t\t\t\t\t\t<li class=\"elementor-icon-list-item\">\n\t\t\t\t\t\t\t\t\t\t\t<span class=\"elementor-icon-list-icon\">\n\t\t\t\t\t\t\t<i aria-hidden=\"true\" class=\"fas fa-circle\"><\/i>\t\t\t\t\t\t<\/span>\n\t\t\t\t\t\t\t\t\t\t<span class=\"elementor-icon-list-text\">since 2012, the Cooperative has significantly expanded its range of activities by adopting the new Cooperative Rules <\/span>\n\t\t\t\t\t\t\t\t\t<\/li>\n\t\t\t\t\t\t<\/ul>\n\t\t\t\t<\/div>\n\t\t\t\t<\/div>\n\t\t\t\t<div class=\"elementor-element elementor-element-e721724 elementor-widget elementor-widget-text-editor\" data-id=\"e721724\" data-element_type=\"widget\" data-widget_type=\"text-editor.default\">\n\t\t\t\t<div class=\"elementor-widget-container\">\n\t\t\t\t\t\t\t<p>The Cooperative&#8217;s goal is to ensure its own infrastructure with a fish processing plant in the near future, enabling the disposal of market surpluses and increasing the profitability of fishermen thanks to the added value of fishery products.<\/p><div>\u00a0<\/div>\t\t\t\t\t\t<\/div>\n\t\t\t\t<\/div>\n\t\t\t\t\t<\/div>\n\t\t<\/div>\n\t\t\t\t<div class=\"elementor-column elementor-col-50 elementor-top-column elementor-element elementor-element-53fe41e\" data-id=\"53fe41e\" data-element_type=\"column\">\n\t\t\t<div class=\"elementor-widget-wrap elementor-element-populated\">\n\t\t\t\t\t\t\t\t<div class=\"elementor-element elementor-element-ede8888 elementor-invisible elementor-widget elementor-widget-image\" data-id=\"ede8888\" data-element_type=\"widget\" data-settings=\"{&quot;_animation&quot;:&quot;zoomInRight&quot;}\" data-widget_type=\"image.default\">\n\t\t\t\t<div class=\"elementor-widget-container\">\n\t\t\t\t\t\t\t\t\t\t\t\t\t\t\t<img loading=\"lazy\" decoding=\"async\" width=\"600\" height=\"537\" src=\"image\/svg+xml;charset=utf-8,%3Csvg xmlns%3D'http%3A%2F%2Fwww.w3.org%2F2000%2Fsvg' viewBox%3D'0 0 600 537'%2F%3E\" data-src=\"https:\/\/www.friska-riba.hr\/wp-content\/uploads\/2021\/03\/o-nama.jpg\" class=\"lazy-load attachment-medium_large size-medium_large\" alt=\"\" data-srcset=\"https:\/\/www.friska-riba.hr\/wp-content\/uploads\/2021\/03\/o-nama.jpg 600w, https:\/\/www.friska-riba.hr\/wp-content\/uploads\/2021\/03\/o-nama-300x269.jpg 300w\" sizes=\"auto, (max-width: 600px) 100vw, 600px\" \/>\t\t\t\t\t\t\t\t\t\t\t\t\t\t\t<\/div>\n\t\t\t\t<\/div>\n\t\t\t\t\t<\/div>\n\t\t<\/div>\n\t\t\t\t\t\t\t<\/div>\n\t\t<\/section>\n\t\t\t\t<section class=\"elementor-section elementor-top-section elementor-element elementor-element-0a62860 elementor-section-boxed elementor-section-height-default elementor-section-height-default elementor-invisible\" data-id=\"0a62860\" data-element_type=\"section\" data-settings=\"{&quot;background_background&quot;:&quot;classic&quot;,&quot;animation&quot;:&quot;fadeInDown&quot;}\">\n\t\t\t\t\t\t<div class=\"elementor-container elementor-column-gap-default\">\n\t\t\t\t\t<div class=\"elementor-column elementor-col-100 elementor-top-column elementor-element elementor-element-6f274c5\" data-id=\"6f274c5\" data-element_type=\"column\">\n\t\t\t<div class=\"elementor-widget-wrap elementor-element-populated\">\n\t\t\t\t\t\t\t\t<div class=\"elementor-element elementor-element-a2c2038 elementor-widget elementor-widget-text-editor\" data-id=\"a2c2038\" data-element_type=\"widget\" data-widget_type=\"text-editor.default\">\n\t\t\t\t<div class=\"elementor-widget-container\">\n\t\t\t\t\t\t\t<p>The Cooperative is entered in the register of the Commercial Court&#8217; in Split under Reg. No.\/Cro. MBS: 060228103, and the Cooperative Rules (adopted at the Cooperative&#8217;s General Assembly on March 23, 2012) were entered as the founding act.<\/p><p>In 2014, a 5-year concession contract was signed with the Port Authority of Split on the provision of water and electricity services in the Bri\u017eine Fishing Port, which was renovated thanks to the EU funds and opened in June 2021.<\/p><p>In cooperation with the Institute for Oceanography and Fisheries, and the Public Institution RERA SD for coordination and development of Split Dalmatia County, we have carrried out activities in Interreg projects (ML-REPAIR, ITACA).<\/p><p>In 2020 we signed the Partnership Agreement for the Project under measure I.3 &#8220;Partnerships between scientists and fishermen&#8221; with the Faculty of Mechanical Engineering and Shipbuilding from Zagreb.<\/p><p>In February 2020, Fri\u0161ka Riba Fishery Cooperative received a Decision on the recognition of Fri\u0161ka Riba Fishery Cooperative as a &#8220;Fish Producer Organization&#8221; in the territory of the Republic of Croatia for the total quantities of fishery products landed and sold by its members.<\/p><p>The Cooperative&#8217;s Tax Id. No.\/Cro. OIB is 33443732658.<\/p><p>The Cooperative has a business account with CROATIA BANKA d.d., and the account&#8217;s IBAN is as follows: HR6624850031100310452<\/p>\t\t\t\t\t\t<\/div>\n\t\t\t\t<\/div>\n\t\t\t\t\t<\/div>\n\t\t<\/div>\n\t\t\t\t\t\t\t<\/div>\n\t\t<\/section>\n\t\t\t\t<section class=\"elementor-section elementor-top-section elementor-element elementor-element-8ba9ff1 elementor-section-boxed elementor-section-height-default elementor-section-height-default\" data-id=\"8ba9ff1\" data-element_type=\"section\">\n\t\t\t\t\t\t<div class=\"elementor-container elementor-column-gap-default\">\n\t\t\t\t\t<div class=\"elementor-column elementor-col-100 elementor-top-column elementor-element elementor-element-4d14800\" data-id=\"4d14800\" data-element_type=\"column\">\n\t\t\t<div class=\"elementor-widget-wrap elementor-element-populated\">\n\t\t\t\t\t\t\t\t<div class=\"elementor-element elementor-element-a30f796 elementor-aspect-ratio-169 elementor-widget elementor-widget-video\" data-id=\"a30f796\" data-element_type=\"widget\" data-settings=\"{&quot;youtube_url&quot;:&quot;https:\\\/\\\/youtu.be\\\/a9iWHJFJQIw&quot;,&quot;video_type&quot;:&quot;youtube&quot;,&quot;controls&quot;:&quot;yes&quot;,&quot;aspect_ratio&quot;:&quot;169&quot;}\" data-widget_type=\"video.default\">\n\t\t\t\t<div class=\"elementor-widget-container\">\n\t\t\t\t\t<div class=\"elementor-wrapper elementor-fit-aspect-ratio elementor-open-inline\">\n\t\t\t<div class=\"elementor-video\"><\/div>\t\t<\/div>\n\t\t\t\t<\/div>\n\t\t\t\t<\/div>\n\t\t\t\t\t<\/div>\n\t\t<\/div>\n\t\t\t\t\t\t\t<\/div>\n\t\t<\/section>\n\t\t\t\t\t\t\t<\/div>\n\t\t","protected":false},"excerpt":{"rendered":"<p>Fishery Cooperative FRI\u0160KA RIBA was founded in February 2007 on the initiative of professional fishermen from Split and its surrounding areas (Vini\u0161\u0107e, Trogir, Ka\u0161tela, Vranjic, Mali rat, Dugi Rat, Sumpetar and Omi\u0161), followed by the fishermen from the island of Hvar, Bra\u010d, Dubrovnik, Gradac joining the Cooperative, too&#8230; Today, the cooperative gathers 20 professional fishermen&hellip;<\/p>\n","protected":false},"author":1,"featured_media":0,"parent":0,"menu_order":0,"comment_status":"closed","ping_status":"closed","template":"","meta":[],"class_list":["post-1045","page","type-page","status-publish","hentry","description-off"],"yoast_head":"<!-- This site is optimized with the Yoast SEO plugin v19.7.1 - https:\/\/yoast.com\/wordpress\/plugins\/seo\/ -->\n<title>About us - Ribarska Zadruga FRI\u0160KA RIBA<\/title>\n<meta name=\"description\" content=\"Zadruga obavlja sljede\u0107e: Otkup i prodaju ribe, trgova\u010dko posredovanje, nabavu opreme i alata, ra\u010dunovodstvene i knjigovodstvene poslove.\" \/>\n<meta name=\"robots\" content=\"index, follow, max-snippet:-1, max-image-preview:large, max-video-preview:-1\" \/>\n<link rel=\"canonical\" href=\"https:\/\/www.friska-riba.hr\/en\/about-us\/\" \/>\n<meta property=\"og:locale\" content=\"en_US\" \/>\n<meta property=\"og:type\" content=\"article\" \/>\n<meta property=\"og:title\" content=\"About us - Ribarska Zadruga FRI\u0160KA RIBA\" \/>\n<meta property=\"og:description\" content=\"Zadruga obavlja sljede\u0107e: Otkup i prodaju ribe, trgova\u010dko posredovanje, nabavu opreme i alata, ra\u010dunovodstvene i knjigovodstvene poslove.\" \/>\n<meta property=\"og:url\" content=\"https:\/\/www.friska-riba.hr\/en\/about-us\/\" \/>\n<meta property=\"og:site_name\" content=\"Ribarska Zadruga FRI\u0160KA RIBA\" \/>\n<meta property=\"article:modified_time\" content=\"2023-12-27T13:22:03+00:00\" \/>\n<meta name=\"twitter:card\" content=\"summary_large_image\" \/>\n<meta name=\"twitter:label1\" content=\"Est. reading time\" \/>\n\t<meta name=\"twitter:data1\" content=\"2 minutes\" \/>\n<script type=\"application\/ld+json\" class=\"yoast-schema-graph\">{\"@context\":\"https:\/\/schema.org\",\"@graph\":[{\"@type\":\"WebPage\",\"@id\":\"https:\/\/www.friska-riba.hr\/en\/about-us\/\",\"url\":\"https:\/\/www.friska-riba.hr\/en\/about-us\/\",\"name\":\"About us - Ribarska Zadruga FRI\u0160KA RIBA\",\"isPartOf\":{\"@id\":\"https:\/\/www.friska-riba.hr\/#website\"},\"datePublished\":\"2021-02-08T19:54:40+00:00\",\"dateModified\":\"2023-12-27T13:22:03+00:00\",\"description\":\"Zadruga obavlja sljede\u0107e: Otkup i prodaju ribe, trgova\u010dko posredovanje, nabavu opreme i alata, ra\u010dunovodstvene i knjigovodstvene poslove.\",\"breadcrumb\":{\"@id\":\"https:\/\/www.friska-riba.hr\/en\/about-us\/#breadcrumb\"},\"inLanguage\":\"en-US\",\"potentialAction\":[{\"@type\":\"ReadAction\",\"target\":[\"https:\/\/www.friska-riba.hr\/en\/about-us\/\"]}]},{\"@type\":\"BreadcrumbList\",\"@id\":\"https:\/\/www.friska-riba.hr\/en\/about-us\/#breadcrumb\",\"itemListElement\":[{\"@type\":\"ListItem\",\"position\":1,\"name\":\"Po\u010detna stranica\",\"item\":\"https:\/\/www.friska-riba.hr\/en\/\"},{\"@type\":\"ListItem\",\"position\":2,\"name\":\"About us\"}]},{\"@type\":\"WebSite\",\"@id\":\"https:\/\/www.friska-riba.hr\/#website\",\"url\":\"https:\/\/www.friska-riba.hr\/\",\"name\":\"Ribarska Zadruga FRI\u0160KA RIBA\",\"description\":\"Ribarska Zadruga FRI\u0160KA RIBA osnovana je u velja\u010di 2007 godine na inicijativu profesionalnih ribara iz Splita i okolice (\",\"potentialAction\":[{\"@type\":\"SearchAction\",\"target\":{\"@type\":\"EntryPoint\",\"urlTemplate\":\"https:\/\/www.friska-riba.hr\/?s={search_term_string}\"},\"query-input\":\"required name=search_term_string\"}],\"inLanguage\":\"en-US\"}]}<\/script>\n<!-- \/ Yoast SEO plugin. -->","yoast_head_json":{"title":"About us - Ribarska Zadruga FRI\u0160KA RIBA","description":"Zadruga obavlja sljede\u0107e: Otkup i prodaju ribe, trgova\u010dko posredovanje, nabavu opreme i alata, ra\u010dunovodstvene i knjigovodstvene poslove.","robots":{"index":"index","follow":"follow","max-snippet":"max-snippet:-1","max-image-preview":"max-image-preview:large","max-video-preview":"max-video-preview:-1"},"canonical":"https:\/\/www.friska-riba.hr\/en\/about-us\/","og_locale":"en_US","og_type":"article","og_title":"About us - Ribarska Zadruga FRI\u0160KA RIBA","og_description":"Zadruga obavlja sljede\u0107e: Otkup i prodaju ribe, trgova\u010dko posredovanje, nabavu opreme i alata, ra\u010dunovodstvene i knjigovodstvene poslove.","og_url":"https:\/\/www.friska-riba.hr\/en\/about-us\/","og_site_name":"Ribarska Zadruga FRI\u0160KA RIBA","article_modified_time":"2023-12-27T13:22:03+00:00","twitter_card":"summary_large_image","twitter_misc":{"Est. reading time":"2 minutes"},"schema":{"@context":"https:\/\/schema.org","@graph":[{"@type":"WebPage","@id":"https:\/\/www.friska-riba.hr\/en\/about-us\/","url":"https:\/\/www.friska-riba.hr\/en\/about-us\/","name":"About us - Ribarska Zadruga FRI\u0160KA RIBA","isPartOf":{"@id":"https:\/\/www.friska-riba.hr\/#website"},"datePublished":"2021-02-08T19:54:40+00:00","dateModified":"2023-12-27T13:22:03+00:00","description":"Zadruga obavlja sljede\u0107e: Otkup i prodaju ribe, trgova\u010dko posredovanje, nabavu opreme i alata, ra\u010dunovodstvene i knjigovodstvene poslove.","breadcrumb":{"@id":"https:\/\/www.friska-riba.hr\/en\/about-us\/#breadcrumb"},"inLanguage":"en-US","potentialAction":[{"@type":"ReadAction","target":["https:\/\/www.friska-riba.hr\/en\/about-us\/"]}]},{"@type":"BreadcrumbList","@id":"https:\/\/www.friska-riba.hr\/en\/about-us\/#breadcrumb","itemListElement":[{"@type":"ListItem","position":1,"name":"Po\u010detna stranica","item":"https:\/\/www.friska-riba.hr\/en\/"},{"@type":"ListItem","position":2,"name":"About us"}]},{"@type":"WebSite","@id":"https:\/\/www.friska-riba.hr\/#website","url":"https:\/\/www.friska-riba.hr\/","name":"Ribarska Zadruga FRI\u0160KA RIBA","description":"Ribarska Zadruga FRI\u0160KA RIBA osnovana je u velja\u010di 2007 godine na inicijativu profesionalnih ribara iz Splita i okolice (","potentialAction":[{"@type":"SearchAction","target":{"@type":"EntryPoint","urlTemplate":"https:\/\/www.friska-riba.hr\/?s={search_term_string}"},"query-input":"required name=search_term_string"}],"inLanguage":"en-US"}]}},"_links":{"self":[{"href":"https:\/\/www.friska-riba.hr\/en\/wp-json\/wp\/v2\/pages\/1045","targetHints":{"allow":["GET"]}}],"collection":[{"href":"https:\/\/www.friska-riba.hr\/en\/wp-json\/wp\/v2\/pages"}],"about":[{"href":"https:\/\/www.friska-riba.hr\/en\/wp-json\/wp\/v2\/types\/page"}],"author":[{"embeddable":true,"href":"https:\/\/www.friska-riba.hr\/en\/wp-json\/wp\/v2\/users\/1"}],"replies":[{"embeddable":true,"href":"https:\/\/www.friska-riba.hr\/en\/wp-json\/wp\/v2\/comments?post=1045"}],"version-history":[{"count":14,"href":"https:\/\/www.friska-riba.hr\/en\/wp-json\/wp\/v2\/pages\/1045\/revisions"}],"predecessor-version":[{"id":1101,"href":"https:\/\/www.friska-riba.hr\/en\/wp-json\/wp\/v2\/pages\/1045\/revisions\/1101"}],"wp:attachment":[{"href":"https:\/\/www.friska-riba.hr\/en\/wp-json\/wp\/v2\/media?parent=1045"}],"curies":[{"name":"wp","href":"https:\/\/api.w.org\/{rel}","templated":true}]}}